{"id":213,"date":"2026-04-03T02:00:39","date_gmt":"2026-04-03T02:00:39","guid":{"rendered":"https:\/\/desaambalaj.com\/?page_id=213"},"modified":"2026-04-03T02:12:43","modified_gmt":"2026-04-03T02:12:43","slug":"uretim","status":"publish","type":"page","link":"https:\/\/desaambalaj.com\/index.php\/uretim\/","title":{"rendered":"\u00dcRET\u0130M"},"content":{"rendered":"\n<p><\/p>\n\n\n\n<p><\/p>\n\n\n\n<div class=\"wp-block-columns alignfull is-layout-flex wp-container-core-columns-is-layout-28f84493 wp-block-columns-is-layout-flex\">\n<div class=\"wp-block-column is-layout-flow wp-block-column-is-layout-flow\" style=\"flex-basis:50%\">\n<div class=\"wp-block-cover is-light\" style=\"min-height:600px;aspect-ratio:unset;\"><span aria-hidden=\"true\" class=\"wp-block-cover__background has-background-dim-100 has-background-dim\" style=\"background-color:#f6f6f6\"><\/span><div class=\"wp-block-cover__inner-container is-layout-flow wp-block-cover-is-layout-flow\">\n<figure class=\"wp-block-image size-full\"><img loading=\"lazy\" decoding=\"async\" width=\"1024\" height=\"1024\" src=\"https:\/\/desaambalaj.com\/wp-content\/uploads\/2026\/04\/ChatGPT-Image-3-Nis-2026-05_04_26.png\" alt=\"\" class=\"wp-image-221\" srcset=\"https:\/\/desaambalaj.com\/wp-content\/uploads\/2026\/04\/ChatGPT-Image-3-Nis-2026-05_04_26.png 1024w, https:\/\/desaambalaj.com\/wp-content\/uploads\/2026\/04\/ChatGPT-Image-3-Nis-2026-05_04_26-300x300.png 300w, https:\/\/desaambalaj.com\/wp-content\/uploads\/2026\/04\/ChatGPT-Image-3-Nis-2026-05_04_26-150x150.png 150w, https:\/\/desaambalaj.com\/wp-content\/uploads\/2026\/04\/ChatGPT-Image-3-Nis-2026-05_04_26-768x768.png 768w\" sizes=\"auto, (max-width: 1024px) 100vw, 1024px\" \/><\/figure>\n<\/div><\/div>\n<\/div>\n\n\n\n<div class=\"wp-block-column is-vertically-aligned-center is-layout-flow wp-block-column-is-layout-flow\" style=\"padding-top:1em;padding-right:1em;padding-bottom:1em;padding-left:1em\">\n<div class=\"wp-block-columns is-layout-flex wp-container-core-columns-is-layout-28f84493 wp-block-columns-is-layout-flex\">\n<div class=\"wp-block-column is-layout-flow wp-block-column-is-layout-flow\" style=\"flex-basis:320px\">\n<p><strong>Po\u015fet \u0130malat\u0131 ve \u00dcretim Tesisimiz<\/strong><\/p>\n\n\n\n<p>2011 y\u0131l\u0131ndan bu yana ambalaj \u00fcretiminde kalite, g\u00fcven ve s\u00fcreklilik ilkeleriyle faaliyet g\u00f6steren Desa Ambalaj, modern teknolojiyi deneyimli \u00fcretim kadrosu ile birle\u015ftirerek her \u00f6l\u00e7ekteki i\u015fletmeye h\u0131zl\u0131 ve esnek \u00e7\u00f6z\u00fcmler sunmaktad\u0131r. 2014 y\u0131l\u0131nda g\u00fc\u00e7lendirdi\u011fimiz kurumsal yap\u0131m\u0131z ile \u00fcretim hatlar\u0131m\u0131z\u0131 otomasyon sistemleriyle destekleyerek; y\u00fcksek verimlilik, d\u00fc\u015f\u00fck hata pay\u0131 ve s\u00fcrd\u00fcr\u00fclebilir kalite standartlar\u0131n\u0131 t\u00fcm \u00fcr\u00fcn gruplar\u0131m\u0131zda g\u00fcvence alt\u0131na ald\u0131k.<\/p>\n\n\n\n<p>\u00dcretim tesisimiz; modern makine parkuru, y\u00fcksek \u00e7\u00f6z\u00fcn\u00fcrl\u00fckl\u00fc fleksografik bask\u0131 sistemleri, g\u00fc\u00e7l\u00fc kesim ve yap\u0131\u015ft\u0131rma hatlar\u0131 ile donat\u0131lm\u0131\u015f olup; e-ticaret kargo po\u015fetleri, hijyenik vakum torbalar\u0131, tekstil ambalajlar\u0131 ve \u00e7evre dostu bez po\u015fet \u00fcretiminde ileri teknoloji \u00e7\u00f6z\u00fcmler sunmaktad\u0131r.<\/p>\n\n\n\n<p class=\"has-small-font-size\" style=\"line-height:1.6\">Desa Ambalaj olarak \u00fcretimin her a\u015famas\u0131nda kalite kontrol s\u00fcre\u00e7lerini titizlikle uygulayarak; dayan\u0131kl\u0131, estetik ve markan\u0131za de\u011fer katan ambalaj \u00e7\u00f6z\u00fcmleri \u00fcretmeye devam ediyoruz.<\/p>\n\n\n\n<div class=\"wp-block-columns alignfull is-layout-flex wp-container-core-columns-is-layout-28f84493 wp-block-columns-is-layout-flex\">\n<div class=\"wp-block-column is-vertically-aligned-center is-layout-flow wp-block-column-is-layout-flow\" style=\"padding-top:1em;padding-right:1em;padding-bottom:1em;padding-left:1em\">\n<div class=\"wp-block-columns is-layout-flex wp-container-core-columns-is-layout-28f84493 wp-block-columns-is-layout-flex\">\n<div class=\"wp-block-column is-layout-flow wp-block-column-is-layout-flow\"><\/div>\n\n\n\n<div class=\"wp-block-column is-layout-flow wp-block-column-is-layout-flow\"><\/div>\n<\/div>\n<\/div>\n<\/div>\n\n\n\n<p class=\"has-small-font-size\" style=\"line-height:1.6\"><\/p>\n<\/div>\n<\/div>\n<\/div>\n<\/div>\n","protected":false},"excerpt":{"rendered":"<p>Po\u015fet \u0130malat\u0131 ve \u00dcretim Tesisimiz 2011 y\u0131l\u0131ndan bu yana ambalaj \u00fcretiminde kalite, g\u00fcven ve s\u00fcreklilik ilkeleriyle faaliyet g\u00f6steren Desa Ambalaj, [&hellip;]<\/p>\n","protected":false},"author":1,"featured_media":0,"parent":0,"menu_order":0,"comment_status":"closed","ping_status":"closed","template":"","meta":{"site-sidebar-layout":"default","site-content-layout":"","ast-site-content-layout":"default","site-content-style":"default","site-sidebar-style":"default","ast-global-header-display":"","ast-banner-title-visibility":"","ast-main-header-display":"","ast-hfb-above-header-display":"","ast-hfb-below-header-display":"","ast-hfb-mobile-header-display":"","site-post-title":"","ast-breadcrumbs-content":"","ast-featured-img":"","footer-sml-layout":"","ast-disable-related-posts":"","theme-transparent-header-meta":"","adv-header-id-meta":"","stick-header-meta":"","header-above-stick-meta":"","header-main-stick-meta":"","header-below-stick-meta":"","astra-migrate-meta-layouts":"default","ast-page-background-enabled":"default","ast-page-background-meta":{"desktop":{"background-color":"var(--ast-global-color-5)","background-image":"","background-repeat":"repeat","background-position":"center center","background-size":"auto","background-attachment":"scroll","background-type":"","background-media":"","overlay-type":"","overlay-color":"","overlay-opacity":"","overlay-gradient":""},"tablet":{"background-color":"","background-image":"","background-repeat":"repeat","background-position":"center center","background-size":"auto","background-attachment":"scroll","background-type":"","background-media":"","overlay-type":"","overlay-color":"","overlay-opacity":"","overlay-gradient":""},"mobile":{"background-color":"","background-image":"","background-repeat":"repeat","background-position":"center center","background-size":"auto","background-attachment":"scroll","background-type":"","background-media":"","overlay-type":"","overlay-color":"","overlay-opacity":"","overlay-gradient":""}},"ast-content-background-meta":{"desktop":{"background-color":"var(--ast-global-color-4)","background-image":"","background-repeat":"repeat","background-position":"center center","background-size":"auto","background-attachment":"scroll","background-type":"","background-media":"","overlay-type":"","overlay-color":"","overlay-opacity":"","overlay-gradient":""},"tablet":{"background-color":"var(--ast-global-color-4)","background-image":"","background-repeat":"repeat","background-position":"center center","background-size":"auto","background-attachment":"scroll","background-type":"","background-media":"","overlay-type":"","overlay-color":"","overlay-opacity":"","overlay-gradient":""},"mobile":{"background-color":"var(--ast-global-color-4)","background-image":"","background-repeat":"repeat","background-position":"center center","background-size":"auto","background-attachment":"scroll","background-type":"","background-media":"","overlay-type":"","overlay-color":"","overlay-opacity":"","overlay-gradient":""}},"footnotes":""},"class_list":["post-213","page","type-page","status-publish","hentry"],"_links":{"self":[{"href":"https:\/\/desaambalaj.com\/index.php\/wp-json\/wp\/v2\/pages\/213","targetHints":{"allow":["GET"]}}],"collection":[{"href":"https:\/\/desaambalaj.com\/index.php\/wp-json\/wp\/v2\/pages"}],"about":[{"href":"https:\/\/desaambalaj.com\/index.php\/wp-json\/wp\/v2\/types\/page"}],"author":[{"embeddable":true,"href":"https:\/\/desaambalaj.com\/index.php\/wp-json\/wp\/v2\/users\/1"}],"replies":[{"embeddable":true,"href":"https:\/\/desaambalaj.com\/index.php\/wp-json\/wp\/v2\/comments?post=213"}],"version-history":[{"count":6,"href":"https:\/\/desaambalaj.com\/index.php\/wp-json\/wp\/v2\/pages\/213\/revisions"}],"predecessor-version":[{"id":223,"href":"https:\/\/desaambalaj.com\/index.php\/wp-json\/wp\/v2\/pages\/213\/revisions\/223"}],"wp:attachment":[{"href":"https:\/\/desaambalaj.com\/index.php\/wp-json\/wp\/v2\/media?parent=213"}],"curies":[{"name":"wp","href":"https:\/\/api.w.org\/{rel}","templated":true}]}}