{"id":79,"date":"2026-04-02T18:25:41","date_gmt":"2026-04-02T18:25:41","guid":{"rendered":"https:\/\/desaambalaj.com\/?page_id=79"},"modified":"2026-04-02T18:41:42","modified_gmt":"2026-04-02T18:41:42","slug":"iletisim","status":"publish","type":"page","link":"https:\/\/desaambalaj.com\/index.php\/iletisim\/","title":{"rendered":"\u0130LET\u0130\u015e\u0130M"},"content":{"rendered":"\n    <div class=\"desa-cf-container\">\n                <div class=\"desa-cf-grid\">\n            <div class=\"desa-cf-left\">\n                <div class=\"desa-cf-image-box\">\n                                            <img decoding=\"async\" src=\"https:\/\/desaambalaj.com\/wp-content\/uploads\/2026\/04\/banner_exact_1140x450.png\" alt=\"\">\n                                    <\/div>\n\n                <div class=\"desa-cf-map-box\">\n                                            <iframe src=\"https:\/\/www.google.com\/maps?q=OS%C4%B0MEN%20TAKIM%20ELB%C4%B0SE%2C%20Oru%C3%A7reis%2C%20Vadi%20Cd.%20246A%2C%2034230%20Esenler%2F%C4%B0stanbul&amp;z=15&amp;output=embed\" width=\"100%\" height=\"220\" style=\"border:0\" allowfullscreen=\"\" loading=\"lazy\" referrerpolicy=\"no-referrer-when-downgrade\">\r\n<\/iframe>                                    <\/div>\n            <\/div>\n\n            <div class=\"desa-cf-right\">\n                <div class=\"desa-cf-info\">\n                    <h3>Bize Ula\u015f\u0131n<\/h3>\n                    <div class=\"desa-cf-line\">+90 533 487 63 82<\/div>\n                    <div class=\"desa-cf-line\">hadidursun4444@gmail.com<\/div>\n                    <div class=\"desa-cf-line desa-cf-address\">Oru\u00e7 Reis Mahallesi, Tekstilkent Caddesi, <br \/>\r\nG1 Blok No: 10 \/ AB 3037 Esenler \u0130stanbul<\/div>\n                <\/div>\n\n                <form method=\"post\" class=\"desa-cf-form\">\n                    <input type=\"hidden\" id=\"desa_cf_nonce\" name=\"desa_cf_nonce\" value=\"990ea3a57b\" \/><input type=\"hidden\" name=\"_wp_http_referer\" value=\"\/index.php\/wp-json\/wp\/v2\/pages\/79\" \/>                    <label>Ad Soyad <span>*<\/span><\/label>\n                    <div class=\"desa-cf-name-row\">\n                        <div>\n                            <input type=\"text\" name=\"desa_first_name\" required>\n                            <small>Ad<\/small>\n                        <\/div>\n                        <div>\n                            <input type=\"text\" name=\"desa_last_name\" required>\n                            <small>Soyad<\/small>\n                        <\/div>\n                    <\/div>\n\n                    <label>E-posta <span>*<\/span><\/label>\n                    <input type=\"email\" name=\"desa_email\" required>\n\n                    <label>Yorum veya Mesaj<\/label>\n                    <textarea name=\"desa_message\" rows=\"6\" required><\/textarea>\n\n                    <button type=\"submit\" name=\"desa_cf_send\">G\u00f6nder<\/button>\n                <\/form>\n            <\/div>\n        <\/div>\n    <\/div>\n    \n","protected":false},"excerpt":{"rendered":"","protected":false},"author":1,"featured_media":0,"parent":0,"menu_order":0,"comment_status":"closed","ping_status":"closed","template":"","meta":{"site-sidebar-layout":"default","site-content-layout":"","ast-site-content-layout":"default","site-content-style":"default","site-sidebar-style":"default","ast-global-header-display":"","ast-banner-title-visibility":"","ast-main-header-display":"","ast-hfb-above-header-display":"","ast-hfb-below-header-display":"","ast-hfb-mobile-header-display":"","site-post-title":"","ast-breadcrumbs-content":"","ast-featured-img":"","footer-sml-layout":"","ast-disable-related-posts":"","theme-transparent-header-meta":"","adv-header-id-meta":"","stick-header-meta":"","header-above-stick-meta":"","header-main-stick-meta":"","header-below-stick-meta":"","astra-migrate-meta-layouts":"default","ast-page-background-enabled":"default","ast-page-background-meta":{"desktop":{"background-color":"var(--ast-global-color-5)","background-image":"","background-repeat":"repeat","background-position":"center center","background-size":"auto","background-attachment":"scroll","background-type":"","background-media":"","overlay-type":"","overlay-color":"","overlay-opacity":"","overlay-gradient":""},"tablet":{"background-color":"","background-image":"","background-repeat":"repeat","background-position":"center center","background-size":"auto","background-attachment":"scroll","background-type":"","background-media":"","overlay-type":"","overlay-color":"","overlay-opacity":"","overlay-gradient":""},"mobile":{"background-color":"","background-image":"","background-repeat":"repeat","background-position":"center center","background-size":"auto","background-attachment":"scroll","background-type":"","background-media":"","overlay-type":"","overlay-color":"","overlay-opacity":"","overlay-gradient":""}},"ast-content-background-meta":{"desktop":{"background-color":"var(--ast-global-color-4)","background-image":"","background-repeat":"repeat","background-position":"center center","background-size":"auto","background-attachment":"scroll","background-type":"","background-media":"","overlay-type":"","overlay-color":"","overlay-opacity":"","overlay-gradient":""},"tablet":{"background-color":"var(--ast-global-color-4)","background-image":"","background-repeat":"repeat","background-position":"center center","background-size":"auto","background-attachment":"scroll","background-type":"","background-media":"","overlay-type":"","overlay-color":"","overlay-opacity":"","overlay-gradient":""},"mobile":{"background-color":"var(--ast-global-color-4)","background-image":"","background-repeat":"repeat","background-position":"center center","background-size":"auto","background-attachment":"scroll","background-type":"","background-media":"","overlay-type":"","overlay-color":"","overlay-opacity":"","overlay-gradient":""}},"footnotes":""},"class_list":["post-79","page","type-page","status-publish","hentry"],"_links":{"self":[{"href":"https:\/\/desaambalaj.com\/index.php\/wp-json\/wp\/v2\/pages\/79","targetHints":{"allow":["GET"]}}],"collection":[{"href":"https:\/\/desaambalaj.com\/index.php\/wp-json\/wp\/v2\/pages"}],"about":[{"href":"https:\/\/desaambalaj.com\/index.php\/wp-json\/wp\/v2\/types\/page"}],"author":[{"embeddable":true,"href":"https:\/\/desaambalaj.com\/index.php\/wp-json\/wp\/v2\/users\/1"}],"replies":[{"embeddable":true,"href":"https:\/\/desaambalaj.com\/index.php\/wp-json\/wp\/v2\/comments?post=79"}],"version-history":[{"count":2,"href":"https:\/\/desaambalaj.com\/index.php\/wp-json\/wp\/v2\/pages\/79\/revisions"}],"predecessor-version":[{"id":87,"href":"https:\/\/desaambalaj.com\/index.php\/wp-json\/wp\/v2\/pages\/79\/revisions\/87"}],"wp:attachment":[{"href":"https:\/\/desaambalaj.com\/index.php\/wp-json\/wp\/v2\/media?parent=79"}],"curies":[{"name":"wp","href":"https:\/\/api.w.org\/{rel}","templated":true}]}}